{"id":322,"date":"2021-12-02T10:19:28","date_gmt":"2021-12-02T09:19:28","guid":{"rendered":"https:\/\/juhaszbalazs.com\/?page_id=322"},"modified":"2022-02-17T17:39:12","modified_gmt":"2022-02-17T16:39:12","slug":"shop","status":"publish","type":"page","link":"https:\/\/juhaszbalazs.com\/en\/shop\/","title":{"rendered":"Shop"},"content":{"rendered":"<div data-elementor-type=\"wp-post\" data-elementor-id=\"322\" class=\"elementor elementor-322\" data-elementor-post-type=\"page\">\n\t\t\t\t\t\t<section class=\"elementor-section elementor-top-section elementor-element elementor-element-8e6db0c elementor-section-height-min-height elementor-section-full_width elementor-section-height-default elementor-section-items-middle\" data-id=\"8e6db0c\" data-element_type=\"section\" data-e-type=\"section\" data-settings=\"{&quot;background_background&quot;:&quot;classic&quot;}\">\n\t\t\t\t\t\t\t<div class=\"elementor-background-overlay\"><\/div>\n\t\t\t\t\t\t\t<div class=\"elementor-container elementor-column-gap-default\">\n\t\t\t\t\t<div class=\"elementor-column elementor-col-100 elementor-top-column elementor-element elementor-element-e4f18da\" data-id=\"e4f18da\" data-element_type=\"column\" data-e-type=\"column\">\n\t\t\t<div class=\"elementor-widget-wrap elementor-element-populated\">\n\t\t\t\t\t\t<section class=\"elementor-section elementor-inner-section elementor-element elementor-element-e0319ff elementor-section-boxed elementor-section-height-default elementor-section-height-default\" data-id=\"e0319ff\" data-element_type=\"section\" data-e-type=\"section\">\n\t\t\t\t\t\t<div class=\"elementor-container elementor-column-gap-default\">\n\t\t\t\t\t<div class=\"elementor-column elementor-col-100 elementor-inner-column elementor-element elementor-element-1bd470e\" data-id=\"1bd470e\" data-element_type=\"column\" data-e-type=\"column\">\n\t\t\t<div class=\"elementor-widget-wrap\">\n\t\t\t\t\t\t\t<\/div>\n\t\t<\/div>\n\t\t\t\t\t<\/div>\n\t\t<\/section>\n\t\t\t\t<section class=\"elementor-section elementor-inner-section elementor-element elementor-element-421f473 elementor-section-boxed elementor-section-height-default elementor-section-height-default\" data-id=\"421f473\" data-element_type=\"section\" data-e-type=\"section\">\n\t\t\t\t\t\t<div class=\"elementor-container elementor-column-gap-default\">\n\t\t\t\t\t<div class=\"elementor-column elementor-col-50 elementor-inner-column elementor-element elementor-element-0c13bab\" data-id=\"0c13bab\" data-element_type=\"column\" data-e-type=\"column\">\n\t\t\t<div class=\"elementor-widget-wrap elementor-element-populated\">\n\t\t\t\t\t\t<div class=\"elementor-element elementor-element-fd4a39b elementor-view-default elementor-widget elementor-widget-icon\" data-id=\"fd4a39b\" data-element_type=\"widget\" data-e-type=\"widget\" data-widget_type=\"icon.default\">\n\t\t\t\t<div class=\"elementor-widget-container\">\n\t\t\t\t\t\t\t<div class=\"elementor-icon-wrapper\">\n\t\t\t<div class=\"elementor-icon\">\n\t\t\t<i aria-hidden=\"true\" class=\"fas fa-smile-wink\"><\/i>\t\t\t<\/div>\n\t\t<\/div>\n\t\t\t\t\t\t<\/div>\n\t\t\t\t<\/div>\n\t\t\t\t\t<\/div>\n\t\t<\/div>\n\t\t\t\t<div class=\"elementor-column elementor-col-50 elementor-inner-column elementor-element elementor-element-cdb8410\" data-id=\"cdb8410\" data-element_type=\"column\" data-e-type=\"column\">\n\t\t\t<div class=\"elementor-widget-wrap elementor-element-populated\">\n\t\t\t\t\t\t<div class=\"elementor-element elementor-element-5859756 elementor-widget elementor-widget-heading\" data-id=\"5859756\" data-element_type=\"widget\" data-e-type=\"widget\" data-widget_type=\"heading.default\">\n\t\t\t\t<div class=\"elementor-widget-container\">\n\t\t\t\t\t<h2 class=\"elementor-heading-title elementor-size-default\">Ezen az oldalon k\u00f6nyveim \u00e9s a v\u00e1logatott fot\u00f3imb\u00f3l k\u00e9sz\u00edtett printeket lehet majd megv\u00e1s\u00e1rolni. Jelenleg felt\u00f6lt\u00e9s alatt \u00e1ll. L\u00e1togass vissza k\u00e9s\u0151bb, vagy keress mail-on!<\/h2>\t\t\t\t<\/div>\n\t\t\t\t<\/div>\n\t\t\t\t\t<\/div>\n\t\t<\/div>\n\t\t\t\t\t<\/div>\n\t\t<\/section>\n\t\t\t\t\t<\/div>\n\t\t<\/div>\n\t\t\t\t\t<\/div>\n\t\t<\/section>\n\t\t\t\t<\/div>","protected":false},"excerpt":{"rendered":"<p>Ezen az oldalon k\u00f6nyveim \u00e9s a v\u00e1logatott fot\u00f3imb\u00f3l k\u00e9sz\u00edtett printeket lehet majd megv\u00e1s\u00e1rolni. Jelenleg felt\u00f6lt\u00e9s alatt \u00e1ll. L\u00e1togass vissza k\u00e9s\u0151bb, vagy keress mail-on!<\/p>","protected":false},"author":4,"featured_media":0,"parent":0,"menu_order":0,"comment_status":"closed","ping_status":"closed","template":"elementor_header_footer","meta":{"footnotes":""},"class_list":["post-322","page","type-page","status-publish","hentry"],"yoast_head":"<!-- This site is optimized with the Yoast SEO plugin v27.3 - https:\/\/yoast.com\/product\/yoast-seo-wordpress\/ -->\n<title>Shop - juhaszbalazs.com<\/title>\n<meta name=\"robots\" content=\"index, follow, max-snippet:-1, max-image-preview:large, max-video-preview:-1\" \/>\n<link rel=\"canonical\" href=\"https:\/\/juhaszbalazs.com\/en\/shop\/\" \/>\n<meta property=\"og:locale\" content=\"en_GB\" \/>\n<meta property=\"og:type\" content=\"article\" \/>\n<meta property=\"og:title\" content=\"Shop - juhaszbalazs.com\" \/>\n<meta property=\"og:description\" content=\"Ezen az oldalon k\u00f6nyveim \u00e9s a v\u00e1logatott fot\u00f3imb\u00f3l k\u00e9sz\u00edtett printeket lehet majd megv\u00e1s\u00e1rolni. Jelenleg felt\u00f6lt\u00e9s alatt \u00e1ll. L\u00e1togass vissza k\u00e9s\u0151bb, vagy keress mail-on!\" \/>\n<meta property=\"og:url\" content=\"https:\/\/juhaszbalazs.com\/en\/shop\/\" \/>\n<meta property=\"og:site_name\" content=\"juhaszbalazs.com\" \/>\n<meta property=\"article:modified_time\" content=\"2022-02-17T16:39:12+00:00\" \/>\n<meta name=\"twitter:card\" content=\"summary_large_image\" \/>\n<script type=\"application\/ld+json\" class=\"yoast-schema-graph\">{\"@context\":\"https:\\\/\\\/schema.org\",\"@graph\":[{\"@type\":\"WebPage\",\"@id\":\"https:\\\/\\\/juhaszbalazs.com\\\/shop\\\/\",\"url\":\"https:\\\/\\\/juhaszbalazs.com\\\/shop\\\/\",\"name\":\"Shop - juhaszbalazs.com\",\"isPartOf\":{\"@id\":\"https:\\\/\\\/juhaszbalazs.com\\\/#website\"},\"datePublished\":\"2021-12-02T09:19:28+00:00\",\"dateModified\":\"2022-02-17T16:39:12+00:00\",\"breadcrumb\":{\"@id\":\"https:\\\/\\\/juhaszbalazs.com\\\/shop\\\/#breadcrumb\"},\"inLanguage\":\"en-GB\",\"potentialAction\":[{\"@type\":\"ReadAction\",\"target\":[\"https:\\\/\\\/juhaszbalazs.com\\\/shop\\\/\"]}]},{\"@type\":\"BreadcrumbList\",\"@id\":\"https:\\\/\\\/juhaszbalazs.com\\\/shop\\\/#breadcrumb\",\"itemListElement\":[{\"@type\":\"ListItem\",\"position\":1,\"name\":\"Kezd\u0151lap\",\"item\":\"https:\\\/\\\/juhaszbalazs.com\\\/\"},{\"@type\":\"ListItem\",\"position\":2,\"name\":\"Shop\"}]},{\"@type\":\"WebSite\",\"@id\":\"https:\\\/\\\/juhaszbalazs.com\\\/#website\",\"url\":\"https:\\\/\\\/juhaszbalazs.com\\\/\",\"name\":\"juhaszbalazs.com\",\"description\":\"Juh\u00e1sz Bal\u00e1zs fotogr\u00e1fus \u00e9s rekl\u00e1mgrafikus honlapja\",\"potentialAction\":[{\"@type\":\"SearchAction\",\"target\":{\"@type\":\"EntryPoint\",\"urlTemplate\":\"https:\\\/\\\/juhaszbalazs.com\\\/?s={search_term_string}\"},\"query-input\":{\"@type\":\"PropertyValueSpecification\",\"valueRequired\":true,\"valueName\":\"search_term_string\"}}],\"inLanguage\":\"en-GB\"}]}<\/script>\n<!-- \/ Yoast SEO plugin. -->","yoast_head_json":{"title":"Shop - juhaszbalazs.com","robots":{"index":"index","follow":"follow","max-snippet":"max-snippet:-1","max-image-preview":"max-image-preview:large","max-video-preview":"max-video-preview:-1"},"canonical":"https:\/\/juhaszbalazs.com\/en\/shop\/","og_locale":"en_GB","og_type":"article","og_title":"Shop - juhaszbalazs.com","og_description":"Ezen az oldalon k\u00f6nyveim \u00e9s a v\u00e1logatott fot\u00f3imb\u00f3l k\u00e9sz\u00edtett printeket lehet majd megv\u00e1s\u00e1rolni. Jelenleg felt\u00f6lt\u00e9s alatt \u00e1ll. L\u00e1togass vissza k\u00e9s\u0151bb, vagy keress mail-on!","og_url":"https:\/\/juhaszbalazs.com\/en\/shop\/","og_site_name":"juhaszbalazs.com","article_modified_time":"2022-02-17T16:39:12+00:00","twitter_card":"summary_large_image","schema":{"@context":"https:\/\/schema.org","@graph":[{"@type":"WebPage","@id":"https:\/\/juhaszbalazs.com\/shop\/","url":"https:\/\/juhaszbalazs.com\/shop\/","name":"Shop - juhaszbalazs.com","isPartOf":{"@id":"https:\/\/juhaszbalazs.com\/#website"},"datePublished":"2021-12-02T09:19:28+00:00","dateModified":"2022-02-17T16:39:12+00:00","breadcrumb":{"@id":"https:\/\/juhaszbalazs.com\/shop\/#breadcrumb"},"inLanguage":"en-GB","potentialAction":[{"@type":"ReadAction","target":["https:\/\/juhaszbalazs.com\/shop\/"]}]},{"@type":"BreadcrumbList","@id":"https:\/\/juhaszbalazs.com\/shop\/#breadcrumb","itemListElement":[{"@type":"ListItem","position":1,"name":"Kezd\u0151lap","item":"https:\/\/juhaszbalazs.com\/"},{"@type":"ListItem","position":2,"name":"Shop"}]},{"@type":"WebSite","@id":"https:\/\/juhaszbalazs.com\/#website","url":"https:\/\/juhaszbalazs.com\/","name":"juhaszbalazs.com","description":"Juh\u00e1sz Bal\u00e1zs fotogr\u00e1fus \u00e9s rekl\u00e1mgrafikus honlapja","potentialAction":[{"@type":"SearchAction","target":{"@type":"EntryPoint","urlTemplate":"https:\/\/juhaszbalazs.com\/?s={search_term_string}"},"query-input":{"@type":"PropertyValueSpecification","valueRequired":true,"valueName":"search_term_string"}}],"inLanguage":"en-GB"}]}},"_links":{"self":[{"href":"https:\/\/juhaszbalazs.com\/en\/wp-json\/wp\/v2\/pages\/322","targetHints":{"allow":["GET"]}}],"collection":[{"href":"https:\/\/juhaszbalazs.com\/en\/wp-json\/wp\/v2\/pages"}],"about":[{"href":"https:\/\/juhaszbalazs.com\/en\/wp-json\/wp\/v2\/types\/page"}],"author":[{"embeddable":true,"href":"https:\/\/juhaszbalazs.com\/en\/wp-json\/wp\/v2\/users\/4"}],"replies":[{"embeddable":true,"href":"https:\/\/juhaszbalazs.com\/en\/wp-json\/wp\/v2\/comments?post=322"}],"version-history":[{"count":166,"href":"https:\/\/juhaszbalazs.com\/en\/wp-json\/wp\/v2\/pages\/322\/revisions"}],"predecessor-version":[{"id":3057,"href":"https:\/\/juhaszbalazs.com\/en\/wp-json\/wp\/v2\/pages\/322\/revisions\/3057"}],"wp:attachment":[{"href":"https:\/\/juhaszbalazs.com\/en\/wp-json\/wp\/v2\/media?parent=322"}],"curies":[{"name":"wp","href":"https:\/\/api.w.org\/{rel}","templated":true}]}}